{"id":26,"date":"2012-03-13T12:20:55","date_gmt":"2012-03-13T11:20:55","guid":{"rendered":"http:\/\/www.fpb-nahe-hunsrueck.de\/?page_id=26"},"modified":"2014-03-16T11:19:33","modified_gmt":"2014-03-16T10:19:33","slug":"markus-heintel","status":"publish","type":"page","link":"http:\/\/www.fpb-nahe-hunsrueck.de\/?page_id=26","title":{"rendered":"Marcus Heintel"},"content":{"rendered":"<h2 align=\"LEFT\"><strong><br \/>\n<\/strong><a href=\"http:\/\/www.fpb-nahe-hunsrueck.de\/wp-content\/uploads\/2012\/03\/heintelmarcus0036_1462.jpg\"><img loading=\"lazy\" class=\"alignright size-full wp-image-138\" title=\"heintelmarcus0036_146\" alt=\"\" src=\"http:\/\/www.fpb-nahe-hunsrueck.de\/wp-content\/uploads\/2012\/03\/heintelmarcus0036_1462.jpg\" width=\"146\" height=\"219\" \/><\/a><\/h2>\n<p align=\"LEFT\"><strong>Anschrift:<\/strong><br \/>\nWeidenweg 6<br \/>\n54518 Rivenich<\/p>\n<p align=\"LEFT\">\u2028\u2028<strong>Beruf:<\/strong><br \/>\nDiplom-Wirtschaftsjurist (FH)<br \/>\nVereinsbetreuer beim AWO-Betreuungsverein Bernkastel-Wittlich e. V. in Morbach,<br \/>\nGewerkschaftssekret\u00e4r beim DGB Region Trier<\/p>\n<p align=\"LEFT\"><strong>Schwerpunktthemen:<\/strong><br \/>\nSozialpolitik, Sozialrecht, Integration<\/p>\n<p align=\"LEFT\"><strong>\u2028\u2028Ehrenamtliches Engagement:<\/strong><br \/>\nMitarbeit im AWO-Kreisjugendwerk Bernkastel-Wittlich, AWO-Ortsverein Hochwald Morbach-Thalfang e.V., AWO-Kreisverband Bernkastel-Wittlich e. V. und AWO-Mobiler Sozialer Dienst Hochwald e. V.,<br \/>\nMitglied des Kreistages Bernkastel-Wittlich und angeschlossener Aussch\u00fcsse und Zweckverb\u00e4nde,<br \/>\nKreisvorsitzender des DGB Bernkastel-Wittlich,<br \/>\nB\u00fcndnis f\u00fcr Menschlichkeit und Zivilcourage: Gr\u00fcndungsmitglied, Kassenpr\u00fcfer,<br \/>\nForum Demokratische Linke 21: Gesch\u00e4ftsf\u00fchrer der Landesgruppe Rheinland-Pfalz,<br \/>\nKreis-Chorverband Bernkastel-Wittlich:\u00a0Pressereferent,<br \/>\nTC Morbach: Beisitzer<\/p>\n<p align=\"LEFT\"><strong>Mitgliedschaften:<br \/>\n<\/strong>Arbeiterwohlfahrt (AWO),<br \/>\nBegegnungshaus B\u00fcchenbeuren e. V.,<br \/>\nBetreuungsgerichtstag,<br \/>\nB\u00fcndnis f\u00fcr Menschlichkeit und Zivilcourage e. V.,<br \/>\nBundesverband der Wirtschaftsjuristen an Fachhochschulen (WJFH) e. V.,<br \/>\nClub Aktiv Trier,<br \/>\nD\u00f6rrwies &#8211; SozialTherapeutische Projekte,<br \/>\nF\u00f6rderverein Gedenkst\u00e4tte KZ Hinzert e. V.,<br \/>\nF\u00f6rderverein Kinderhaus Mandala e. V. in Morbach,<br \/>\nF\u00f6rderverein Vicus Belginum e. V.,<br \/>\nGesangverein Morbach 1920 e. V.,<br \/>\nGreenpeace,<br \/>\nHeimatverein Heinzerath,<br \/>\nKarnevalsgesellschaft &#8222;Dilldappen&#8220; Morbach,<br \/>\nM\u00e4nnergesangverein &#8222;Frohsinn&#8220; 1886 Hilscheid e. V.,<br \/>\nQuartett &#8222;Sine nomine&#8220; Morbach,<br \/>\nSPD,<br \/>\nSV Heinzerath-Elzerath,<br \/>\nSV Hundheim e. V.,<br \/>\nTC Morbach,<br \/>\nVereinte Dienstleistungsgewerkschaft (ver.di)<\/p>\n<p align=\"LEFT\"><strong>Kontakt:<br \/>\n<\/strong><a href=\"mailto:marcus.heintel@fpb-nahe-hunsrueck.de\">marcus.heintel@fpb-nahe-hunsrueck.de<\/a><\/p>\n","protected":false},"excerpt":{"rendered":"<p>Anschrift: Weidenweg 6 54518 Rivenich \u2028\u2028Beruf: Diplom-Wirtschaftsjurist (FH) Vereinsbetreuer beim AWO-Betreuungsverein Bernkastel-Wittlich e. V. in Morbach, Gewerkschaftssekret\u00e4r beim DGB Region Trier Schwerpunktthemen: Sozialpolitik, Sozialrecht, Integration \u2028\u2028Ehrenamtliches Engagement: Mitarbeit im AWO-Kreisjugendwerk Bernkastel-Wittlich, AWO-Ortsverein Hochwald Morbach-Thalfang e.V., AWO-Kreisverband Bernkastel-Wittlich e. V. und AWO-Mobiler Sozialer Dienst Hochwald e. V., Mitglied des Kreistages Bernkastel-Wittlich und angeschlossener Aussch\u00fcsse und Zweckverb\u00e4nde, [&hellip;]<\/p>\n","protected":false},"author":1,"featured_media":138,"parent":120,"menu_order":2,"comment_status":"closed","ping_status":"closed","template":"","meta":[],"_links":{"self":[{"href":"http:\/\/www.fpb-nahe-hunsrueck.de\/index.php?rest_route=\/wp\/v2\/pages\/26"}],"collection":[{"href":"http:\/\/www.fpb-nahe-hunsrueck.de\/index.php?rest_route=\/wp\/v2\/pages"}],"about":[{"href":"http:\/\/www.fpb-nahe-hunsrueck.de\/index.php?rest_route=\/wp\/v2\/types\/page"}],"author":[{"embeddable":true,"href":"http:\/\/www.fpb-nahe-hunsrueck.de\/index.php?rest_route=\/wp\/v2\/users\/1"}],"replies":[{"embeddable":true,"href":"http:\/\/www.fpb-nahe-hunsrueck.de\/index.php?rest_route=%2Fwp%2Fv2%2Fcomments&post=26"}],"version-history":[{"count":14,"href":"http:\/\/www.fpb-nahe-hunsrueck.de\/index.php?rest_route=\/wp\/v2\/pages\/26\/revisions"}],"predecessor-version":[{"id":324,"href":"http:\/\/www.fpb-nahe-hunsrueck.de\/index.php?rest_route=\/wp\/v2\/pages\/26\/revisions\/324"}],"up":[{"embeddable":true,"href":"http:\/\/www.fpb-nahe-hunsrueck.de\/index.php?rest_route=\/wp\/v2\/pages\/120"}],"wp:featuredmedia":[{"embeddable":true,"href":"http:\/\/www.fpb-nahe-hunsrueck.de\/index.php?rest_route=\/wp\/v2\/media\/138"}],"wp:attachment":[{"href":"http:\/\/www.fpb-nahe-hunsrueck.de\/index.php?rest_route=%2Fwp%2Fv2%2Fmedia&parent=26"}],"curies":[{"name":"wp","href":"https:\/\/api.w.org\/{rel}","templated":true}]}}