{"id":196,"date":"2012-03-15T12:31:56","date_gmt":"2012-03-15T11:31:56","guid":{"rendered":"http:\/\/www.fpb-nahe-hunsrueck.de\/?page_id=196"},"modified":"2012-03-15T12:36:24","modified_gmt":"2012-03-15T11:36:24","slug":"links","status":"publish","type":"page","link":"http:\/\/www.fpb-nahe-hunsrueck.de\/?page_id=196","title":{"rendered":"Links"},"content":{"rendered":"<p><a href=\"http:\/\/www.bpb.de\/\" target=\"_blank\">Bundeszentrale f\u00fcr politische Bildung<\/a><\/p>\n<p><a href=\"http:\/\/www.boeckler.de\/index.htm\" target=\"_blank\">Hans-B\u00f6ckler-Stiftung<\/a><\/p>\n<p><a href=\"http:\/\/www.heinz-kuehn-bildungswerk.de\/\" target=\"_blank\">Heinz-K\u00fchn-Bildungswerk<\/a><\/p>\n<p><a href=\"http:\/\/www.politische-bildung-rlp.de\/\" target=\"_blank\">Landeszentrale f\u00fcr politische Bildung Rheinland-Pfalz<\/a><\/p>\n<p><a href=\"http:\/\/www.stiftung-demokratie-saarland.de\/\" target=\"_blank\">Stiftung Demokratie Saarland<\/a><\/p>\n","protected":false},"excerpt":{"rendered":"<p>Bundeszentrale f\u00fcr politische Bildung Hans-B\u00f6ckler-Stiftung Heinz-K\u00fchn-Bildungswerk Landeszentrale f\u00fcr politische Bildung Rheinland-Pfalz Stiftung Demokratie Saarland<\/p>\n","protected":false},"author":1,"featured_media":0,"parent":0,"menu_order":0,"comment_status":"closed","ping_status":"closed","template":"","meta":[],"_links":{"self":[{"href":"http:\/\/www.fpb-nahe-hunsrueck.de\/index.php?rest_route=\/wp\/v2\/pages\/196"}],"collection":[{"href":"http:\/\/www.fpb-nahe-hunsrueck.de\/index.php?rest_route=\/wp\/v2\/pages"}],"about":[{"href":"http:\/\/www.fpb-nahe-hunsrueck.de\/index.php?rest_route=\/wp\/v2\/types\/page"}],"author":[{"embeddable":true,"href":"http:\/\/www.fpb-nahe-hunsrueck.de\/index.php?rest_route=\/wp\/v2\/users\/1"}],"replies":[{"embeddable":true,"href":"http:\/\/www.fpb-nahe-hunsrueck.de\/index.php?rest_route=%2Fwp%2Fv2%2Fcomments&post=196"}],"version-history":[{"count":7,"href":"http:\/\/www.fpb-nahe-hunsrueck.de\/index.php?rest_route=\/wp\/v2\/pages\/196\/revisions"}],"predecessor-version":[{"id":203,"href":"http:\/\/www.fpb-nahe-hunsrueck.de\/index.php?rest_route=\/wp\/v2\/pages\/196\/revisions\/203"}],"wp:attachment":[{"href":"http:\/\/www.fpb-nahe-hunsrueck.de\/index.php?rest_route=%2Fwp%2Fv2%2Fmedia&parent=196"}],"curies":[{"name":"wp","href":"https:\/\/api.w.org\/{rel}","templated":true}]}}