{"id":17,"date":"2012-03-13T11:06:09","date_gmt":"2012-03-13T11:06:09","guid":{"rendered":"http:\/\/www.fpb-nahe-hunsrueck.de\/?page_id=17"},"modified":"2026-01-02T10:56:54","modified_gmt":"2026-01-02T09:56:54","slug":"vorsitzender","status":"publish","type":"page","link":"http:\/\/www.fpb-nahe-hunsrueck.de\/?page_id=17","title":{"rendered":"1. Vorsitzender"},"content":{"rendered":"<h2 align=\"LEFT\"><strong>Dr. Denis Alt<\/strong><br \/><a href=\"http:\/\/www.fpb-nahe-hunsrueck.de\/wp-content\/uploads\/2012\/03\/A2_2093.jpg\"><img loading=\"lazy\" class=\"alignright\" title=\"A2_209\" src=\"http:\/\/www.fpb-nahe-hunsrueck.de\/wp-content\/uploads\/2012\/03\/A2_2093-200x300.jpg\" alt=\"\" width=\"200\" height=\"300\" \/><\/a><\/h2>\n<p align=\"LEFT\"><strong>Beruf:<\/strong><br \/>Dipl.-Volkswirt<br \/>Staatssekret\u00e4r im Ministerium f\u00fcr Arbeit und Soziales, Transformation und Digitalisierung\u00a0 Rheinland Pfalz<\/p>\n<p align=\"LEFT\"><strong>Schwerpunktthemen:<br \/><\/strong>Wirtschaft, Finanzen, Wissenschaft, Gesundheit<\/p>\n<p align=\"LEFT\"><strong>Mitgliedschaften:<\/strong><br \/>Freundeskreis Monzingen-Entrains e. V.<br \/>SPD<br \/>F\u00f6rderverein &#8222;Sanierung evangelische Martinskirche Monzingen&#8220;<br \/>Regionalb\u00fcndnis Soonwald-Nahe e. V.<br \/>Maltesia &#8211; F\u00f6rderverein des Emanuel-Felke-Gymnasiums e. V.<br \/>Flugsportverein Sobernheim und Umgebung e. V.<\/p>\n<p align=\"LEFT\"><strong>Ehrenamtliches Engagement:<br \/><\/strong>Verbandsgemeinderat VG Nahe Glan<br \/>Kreistag Bad Kreuznach<\/p>\n<p align=\"LEFT\"><strong>Kontakt:<\/strong><br \/><a href=\"mailto:denis.alt@fpb-nahe-hunsrueck.de\">denis.alt@fpb-nahe-hunsrueck.de<\/a><\/p>\n\n\n<p><\/p>\n","protected":false},"excerpt":{"rendered":"<p>Dr. Denis Alt Beruf:Dipl.-VolkswirtStaatssekret\u00e4r im Ministerium f\u00fcr Arbeit und Soziales, Transformation und Digitalisierung\u00a0 Rheinland Pfalz Schwerpunktthemen:Wirtschaft, Finanzen, Wissenschaft, Gesundheit Mitgliedschaften:Freundeskreis Monzingen-Entrains e. V.SPDF\u00f6rderverein &#8222;Sanierung evangelische Martinskirche Monzingen&#8220;Regionalb\u00fcndnis Soonwald-Nahe e. V.Maltesia &#8211; F\u00f6rderverein des Emanuel-Felke-Gymnasiums e. V.Flugsportverein Sobernheim und Umgebung e. V. Ehrenamtliches Engagement:Verbandsgemeinderat VG Nahe GlanKreistag Bad Kreuznach Kontakt:denis.alt@fpb-nahe-hunsrueck.de<\/p>\n","protected":false},"author":1,"featured_media":117,"parent":13,"menu_order":1,"comment_status":"closed","ping_status":"closed","template":"","meta":[],"_links":{"self":[{"href":"http:\/\/www.fpb-nahe-hunsrueck.de\/index.php?rest_route=\/wp\/v2\/pages\/17"}],"collection":[{"href":"http:\/\/www.fpb-nahe-hunsrueck.de\/index.php?rest_route=\/wp\/v2\/pages"}],"about":[{"href":"http:\/\/www.fpb-nahe-hunsrueck.de\/index.php?rest_route=\/wp\/v2\/types\/page"}],"author":[{"embeddable":true,"href":"http:\/\/www.fpb-nahe-hunsrueck.de\/index.php?rest_route=\/wp\/v2\/users\/1"}],"replies":[{"embeddable":true,"href":"http:\/\/www.fpb-nahe-hunsrueck.de\/index.php?rest_route=%2Fwp%2Fv2%2Fcomments&post=17"}],"version-history":[{"count":27,"href":"http:\/\/www.fpb-nahe-hunsrueck.de\/index.php?rest_route=\/wp\/v2\/pages\/17\/revisions"}],"predecessor-version":[{"id":434,"href":"http:\/\/www.fpb-nahe-hunsrueck.de\/index.php?rest_route=\/wp\/v2\/pages\/17\/revisions\/434"}],"up":[{"embeddable":true,"href":"http:\/\/www.fpb-nahe-hunsrueck.de\/index.php?rest_route=\/wp\/v2\/pages\/13"}],"wp:featuredmedia":[{"embeddable":true,"href":"http:\/\/www.fpb-nahe-hunsrueck.de\/index.php?rest_route=\/wp\/v2\/media\/117"}],"wp:attachment":[{"href":"http:\/\/www.fpb-nahe-hunsrueck.de\/index.php?rest_route=%2Fwp%2Fv2%2Fmedia&parent=17"}],"curies":[{"name":"wp","href":"https:\/\/api.w.org\/{rel}","templated":true}]}}